{"id":515,"date":"2025-11-05T21:46:26","date_gmt":"2025-11-05T20:46:26","guid":{"rendered":"https:\/\/zew.sklep.pl\/?post_type=product&#038;p=515"},"modified":"2025-11-06T08:32:49","modified_gmt":"2025-11-06T07:32:49","slug":"koszulka-meczowa-domowa-replika","status":"publish","type":"product","link":"https:\/\/zew.sklep.pl\/index.php\/produkt\/koszulka-meczowa-domowa-replika\/","title":{"rendered":"Koszulka meczowa Domowa Replika"},"content":{"rendered":"","protected":false},"excerpt":{"rendered":"<p>Replika koszulki meczowej TS Zew \u015awiebodzin w kolorze czerwonym z czarnymi i bia\u0142ymi elementami. Wykonana z oddychaj\u0105cego materia\u0142u, zapewnia komfort i sportowy wygl\u0105d. Idealna dla kibic\u00f3w \u2013 ta\u0144sza alternatywa oficjalnej koszulki meczowej.<\/p>\n<p>&nbsp;<\/p>\n","protected":false},"featured_media":362,"comment_status":"open","ping_status":"closed","template":"","meta":[],"product_brand":[],"product_cat":[20],"product_tag":[],"class_list":{"0":"post-515","1":"product","2":"type-product","3":"status-publish","4":"has-post-thumbnail","6":"product_cat-meczowe","8":"first","9":"instock","10":"featured","11":"shipping-taxable","12":"purchasable","13":"product-type-variable"},"_links":{"self":[{"href":"https:\/\/zew.sklep.pl\/index.php\/wp-json\/wp\/v2\/product\/515","targetHints":{"allow":["GET"]}}],"collection":[{"href":"https:\/\/zew.sklep.pl\/index.php\/wp-json\/wp\/v2\/product"}],"about":[{"href":"https:\/\/zew.sklep.pl\/index.php\/wp-json\/wp\/v2\/types\/product"}],"replies":[{"embeddable":true,"href":"https:\/\/zew.sklep.pl\/index.php\/wp-json\/wp\/v2\/comments?post=515"}],"wp:featuredmedia":[{"embeddable":true,"href":"https:\/\/zew.sklep.pl\/index.php\/wp-json\/wp\/v2\/media\/362"}],"wp:attachment":[{"href":"https:\/\/zew.sklep.pl\/index.php\/wp-json\/wp\/v2\/media?parent=515"}],"wp:term":[{"taxonomy":"product_brand","embeddable":true,"href":"https:\/\/zew.sklep.pl\/index.php\/wp-json\/wp\/v2\/product_brand?post=515"},{"taxonomy":"product_cat","embeddable":true,"href":"https:\/\/zew.sklep.pl\/index.php\/wp-json\/wp\/v2\/product_cat?post=515"},{"taxonomy":"product_tag","embeddable":true,"href":"https:\/\/zew.sklep.pl\/index.php\/wp-json\/wp\/v2\/product_tag?post=515"}],"curies":[{"name":"wp","href":"https:\/\/api.w.org\/{rel}","templated":true}]}}